{"id":38,"date":"2019-04-02T15:22:58","date_gmt":"2019-04-02T13:22:58","guid":{"rendered":"https:\/\/www.rms.li\/datenschutz\/"},"modified":"2023-08-22T12:01:35","modified_gmt":"2023-08-22T10:01:35","slug":"datenschutz","status":"publish","type":"page","link":"https:\/\/www.rms.li\/de\/datenschutz\/","title":{"rendered":"Datenschutzerkl\u00e4rung"},"content":{"rendered":"\n<h2 class=\"wp-block-heading\">I. Name und Anschrift<\/h2>\n\n\n\n<p>Der\nVerantwortliche im Sinne der Datenschutz-Grundverordnung (DSGVO) ist:<\/p>\n\n\n\n<p>RMS Sicherheits-Anstalt <br>Im alten Riet 137<br>9494 Schaan<br>Liechtenstein<br>Telefon +423 264 40 00<br>sicherheit@rms.li<\/p>\n\n\n\n<p>Verantwortlich\nf\u00fcr den Datenschutz in der RMS Sicherheits-Anstalt ist Herr Horst Marxer.<\/p>\n\n\n\n<h2 class=\"wp-block-heading\">II. Allgemeines zur Datenverarbeitung<\/h2>\n\n\n\n<h3 class=\"wp-block-heading\">1. Umfang der Verarbeitung personenbezogener Daten<\/h3>\n\n\n\n<p>Unsere Verarbeitung personenbezogener Daten unserer Nutzer beschr\u00e4nkt sich auf jene Daten, die zur Bereitstellung einer funktionsf\u00e4higen Internetseite sowie unserer Inhalte und Leistungen erforderlich sind. Die Verarbeitung personenbezogener Daten unserer Nutzer erfolgt nur zu den mit ihnen vereinbarten Zwecken oder wenn eine sonstige rechtliche Grundlage (im Sinn der DSGVO) vorliegt. Es werden nur solche personenbezogenen Daten erhoben, die f\u00fcr die Durchf\u00fchrung und Abwicklung unserer Aufgaben und Leistungen tats\u00e4chlich erforderlich sind oder die Sie uns freiwillig zur Verf\u00fcgung gestellt haben.<\/p>\n\n\n\n<h3 class=\"wp-block-heading\">2. Ihre Rechte (Betroffenenrechte)<\/h3>\n\n\n\n<p>Sie haben das\nRecht, Auskunft \u00fcber Ihre von uns verarbeiteten personenbezogenen Daten zu\nverlangen. Insbesondere k\u00f6nnen Sie Auskunft \u00fcber die Verarbeitungszwecke, die\nKategorien der personenbezogenen Daten, die Kategorien von Empf\u00e4ngern,\ngegen\u00fcber denen Ihre Daten offengelegt wurden oder werden, die geplante\nSpeicherdauer, das Bestehen eines Rechts auf Berichtigung, L\u00f6schung,\nEinschr\u00e4nkung der Verarbeitung oder Widerspruch, Daten\u00fcbertragung, die Herkunft\nIhrer Daten, sofern diese nicht bei uns erhoben wurden, sowie \u00fcber das Bestehen\neiner automatisierten Entscheidungsfindung einschliesslich Profiling verlangen.\n<\/p>\n\n\n\n<p>Sie haben auch\ndas Recht, eine allenfalls erteilte Einwilligung zur Nutzung Ihrer\npersonenbezogenen Daten jederzeit zu widerrufen. <\/p>\n\n\n\n<p>Sofern Sie der\nAuffassung sind, dass die Verarbeitung Ihrer personenbezogenen Daten durch uns\nim Widerspruch zu den geltenden Datenschutzbestimmungen steht, haben Sie die\nM\u00f6glichkeit, sich bei der Datenschutzstelle zu beschweren.<\/p>\n\n\n\n<h2 class=\"wp-block-heading\">III. Beschreibung und Umfang der Datenverarbeitung<\/h2>\n\n\n\n<h3 class=\"wp-block-heading\">1. Bereitstellung der Webseite<\/h3>\n\n\n\n<p>Bei jedem Aufruf\nunserer Internetseite erfasst unser Webserver in sogenannten Server-Log Files\nautomatisiert Daten und Informationen vom Computersystem des aufrufenden\nRechners. Folgende Daten werden hierbei erhoben:<\/p>\n\n\n\n<ul class=\"wp-block-list\">\n<li>Datum und Uhrzeit des Zugriffs<\/li>\n\n\n\n<li>Die IP-Adresse des Nutzers<\/li>\n\n\n\n<li>Informationen \u00fcber den Browsertyp und die verwendete Version<\/li>\n<\/ul>\n\n\n\n<p>Diese Informationen speichern wir \u00fcber einen Zeitraum von maximal 30 Tagen. Die Speicherung erfolgt aus Gr\u00fcnden der Datensicherheit, um die Stabilit\u00e4t und die Betriebssicherheit unseres Systems zu gew\u00e4hrleisten.<\/p>\n\n\n\n<h3 class=\"wp-block-heading\">2. Webanalyse<\/h3>\n\n\n\n<p>Auf unserer Webseite wird \u201eGoogle Analytics\u201d, ein Webanalysedienst der Google Inc., 1600 Amphitheatre Parkway, Mountain View, CA 94.043 USA, zur Auswertung der Webseitebenutzung eingesetzt. Google Analytics verwendet Cookies (siehe Pkt. 3.), die auf Ihrem Computer gespeichert werden.<\/p>\n\n\n\n<p>Die darin enthaltenen Informationen \u00fcber die Webseite- und Internetnutzung des Besuchers k\u00f6nnen von Google verarbeitet und ausgewertet werden. Die von Google erhobenen Daten werden gegebenenfalls von Google in Staaten ausserhalb der EU und des EWR, insbesondere die USA, \u00fcbermittelt. Google hat sich jedoch dem Privacy Shield Framework unterworfen. N\u00e4here Informationen zu Ihren Rechten daraus finden Sie unter <a href=\"https:\/\/ec.europa.eu\/info\/policies\/justice-and-fundamental-rights_de\">https:\/\/ec.europa.eu\/info\/policies\/justice-and-fundamental-rights_de<\/a>.<\/p>\n\n\n\n<p>Zus\u00e4tzlich stellen wir sicher, dass Ihre IP-Adresse vor der \u00dcbertragung an Google anonymisiert wird.<\/p>\n\n\n\n<p>Sie k\u00f6nnen die Cookies von Google Analytics auch dadurch verhindern, indem Sie beim Aufruf der Webseite im aufscheinenden Pop-up \u201eCookie-Informationen\u201c den Button \u00abnur notwendige Cookies\u00bb ausw\u00e4hlen. Dann wird die Verwendung der Cookies von Google Analytics nicht zugelassen.<\/p>\n\n\n\n<p>Rechtsgrundlage\nf\u00fcr die Verwendung von Google Analytics ist Art. 6 Abs. 1 S. 1 lit. f DSGVO.<\/p>\n\n\n\n<h3 class=\"wp-block-heading\">3. Cookies<\/h3>\n\n\n\n<p>Wir verwenden\nauf unserer Webseite Cookies, um damit unser Angebot nutzerfreundlich zu gestalten.\nCookies sind kleine Dateien, die Ihr Browser automatisch erstellt und die auf\nIhrem Endger\u00e4t (Laptop, Tablet, Smartphone etc.) gespeichert werden, wenn Sie\nunsere Seite besuchen. Die Cookies bleiben so lange gespeichert, bis Sie diese\nl\u00f6schen. Dadurch k\u00f6nnen wir Ihren Browser beim n\u00e4chsten Besuch wiedererkennen.<\/p>\n\n\n\n<p>Sollten Sie dies\nnicht w\u00fcnschen, k\u00f6nnen Sie Ihren Browser so einrichten, dass er Sie \u00fcber das\nSetzen von Cookies informiert und Sie diese im Einzelfall erlauben. Wir weisen\nSie allerdings darauf hin, dass eine Deaktivierung dazu f\u00fchrt, dass Sie nicht\nalle Funktionen unserer Webseite nutzen k\u00f6nnen.<\/p>\n\n\n\n<p>Rechtsgrundlage\nf\u00fcr die durch Cookies verarbeiteten Daten ist Art. 6 Abs. 1 S. 1 lit. f DSGVO.<\/p>\n\n\n\n<p>Die Cookies behalten f\u00fcr unbestimmte Zeit ihre G\u00fcltigkeit und werden anschliessend durch Ihren Browser gel\u00f6scht.<\/p>\n\n\n\n<p>In unserem Cookies-Hinweis finden sie alle Cookies aufgelistet, nach Funktion sortiert und im Detail erkl\u00e4rt. Sie k\u00f6nnen ihre Einstellungen individualisieren und entsprechend nur die notwendigen oder alle Cookies (inkl. Statistik, Marketing, etc.) zulassen oder ablehnen.<\/p>\n\n\n\n<h3 class=\"wp-block-heading\">4. Kontakt<\/h3>\n\n\n\n<p>Senden Sie uns\neine Mail oder eine sonstige elektronische Nachricht, werden Ihre Angaben nur\nf\u00fcr die Bearbeitung der Anfrage, m\u00f6gliche damit zusammenh\u00e4ngende weitere\nFragen, gespeichert und nur im Rahmen der Anfrage verwendet.<\/p>\n\n\n\n<p>Rechtsgrundlage\nf\u00fcr die Bearbeitung Ihrer Anfrage ist Art. 6 Abs. 1 S. 1 lit. b DSGVO.<\/p>\n\n\n\n<p>Wir werden Ihre\nE-Mail-Adresse nach Erledigung Ihrer Anfrage l\u00f6schen.<\/p>\n\n\n\n<h2 class=\"wp-block-heading\">IV. Datensicherheit<\/h2>\n\n\n\n<h3 class=\"wp-block-heading\">1. SSL-Verschl\u00fcsselung<\/h3>\n\n\n\n<p>Wir verwenden\ninnerhalb des Webseite-Besuchs das verbreitete TLS-Verfahren in Verbindung mit\nder jeweils h\u00f6chsten Verschl\u00fcsselungsstufe, die von Ihrem Browser unterst\u00fctzt\nwird. Ob eine einzelne Seite unseres Internetauftrittes verschl\u00fcsselt\n\u00fcbertragen wird, erkennen Sie an der geschlossenen Darstellung des Sch\u00fcssel-\nbeziehungsweise Schloss-Symbols in der Adressleiste Ihres Browsers.<\/p>\n\n\n\n<p>Dar\u00fcber hinaus\nwenden wir weitere geeignete technische und organisatorische\nSicherheitsmassnahmen an, um Ihre Daten gegen zuf\u00e4llige oder vors\u00e4tzliche\nManipulationen, teilweisen oder vollst\u00e4ndigen Verlust, Zerst\u00f6rung oder gegen\nden unbefugten Zugriff Dritter zu sch\u00fctzen. Unsere Sicherheitsmassnahmen werden\nentsprechend der technologischen Entwicklung fortlaufend verbessert.<\/p>\n\n\n\n<h3 class=\"wp-block-heading\">2. An uns gesendete Mails<\/h3>\n\n\n\n<p>Wir machen Sie\ndarauf aufmerksam, dass \u2013 vorbehaltlich einer expliziten Abmachung und\nKonfiguration \u2013 Mails an uns unverschl\u00fcsselt gesendet werden.<\/p>\n","protected":false},"excerpt":{"rendered":"<p>I. Name und Anschrift Der Verantwortliche im Sinne der Datenschutz-Grundverordnung (DSGVO) ist: RMS Sicherheits-Anstalt Im alten Riet 1379494 SchaanLiechtensteinTelefon +423 [&hellip;]<\/p>\n <a href=\"https:\/\/www.rms.li\/de\/datenschutz\/\" class=\"more-link-real\" title=\"weiterlesen\">Weiterlesen<\/a>","protected":false},"author":1,"featured_media":0,"parent":0,"menu_order":6,"comment_status":"closed","ping_status":"closed","template":"","meta":{"_seopress_robots_primary_cat":"","_seopress_titles_title":"","_seopress_titles_desc":"","_seopress_robots_index":"yes","site-sidebar-layout":"default","site-content-layout":"content-boxed-container","ast-site-content-layout":"normal-width-container","site-content-style":"boxed","site-sidebar-style":"unboxed","ast-global-header-display":"","ast-banner-title-visibility":"","ast-main-header-display":"","ast-hfb-above-header-display":"","ast-hfb-below-header-display":"","ast-hfb-mobile-header-display":"","site-post-title":"","ast-breadcrumbs-content":"","ast-featured-img":"","footer-sml-layout":"","ast-disable-related-posts":"","theme-transparent-header-meta":"default","adv-header-id-meta":"","stick-header-meta":"default","header-above-stick-meta":"","header-main-stick-meta":"","header-below-stick-meta":"","astra-migrate-meta-layouts":"set","ast-page-background-enabled":"default","ast-page-background-meta":{"desktop":{"background-color":"","background-image":"","background-repeat":"repeat","background-position":"center center","background-size":"auto","background-attachment":"scroll","background-type":"","background-media":"","overlay-type":"","overlay-color":"","overlay-opacity":"","overlay-gradient":""},"tablet":{"background-color":"","background-image":"","background-repeat":"repeat","background-position":"center center","background-size":"auto","background-attachment":"scroll","background-type":"","background-media":"","overlay-type":"","overlay-color":"","overlay-opacity":"","overlay-gradient":""},"mobile":{"background-color":"","background-image":"","background-repeat":"repeat","background-position":"center center","background-size":"auto","background-attachment":"scroll","background-type":"","background-media":"","overlay-type":"","overlay-color":"","overlay-opacity":"","overlay-gradient":""}},"ast-content-background-meta":{"desktop":{"background-color":"var(--ast-global-color-5)","background-image":"","background-repeat":"repeat","background-position":"center center","background-size":"auto","background-attachment":"scroll","background-type":"","background-media":"","overlay-type":"","overlay-color":"","overlay-opacity":"","overlay-gradient":""},"tablet":{"background-color":"var(--ast-global-color-5)","background-image":"","background-repeat":"repeat","background-position":"center center","background-size":"auto","background-attachment":"scroll","background-type":"","background-media":"","overlay-type":"","overlay-color":"","overlay-opacity":"","overlay-gradient":""},"mobile":{"background-color":"var(--ast-global-color-5)","background-image":"","background-repeat":"repeat","background-position":"center center","background-size":"auto","background-attachment":"scroll","background-type":"","background-media":"","overlay-type":"","overlay-color":"","overlay-opacity":"","overlay-gradient":""}},"footnotes":""},"class_list":["post-38","page","type-page","status-publish","hentry"],"_links":{"self":[{"href":"https:\/\/www.rms.li\/de\/wp-json\/wp\/v2\/pages\/38","targetHints":{"allow":["GET"]}}],"collection":[{"href":"https:\/\/www.rms.li\/de\/wp-json\/wp\/v2\/pages"}],"about":[{"href":"https:\/\/www.rms.li\/de\/wp-json\/wp\/v2\/types\/page"}],"author":[{"embeddable":true,"href":"https:\/\/www.rms.li\/de\/wp-json\/wp\/v2\/users\/1"}],"replies":[{"embeddable":true,"href":"https:\/\/www.rms.li\/de\/wp-json\/wp\/v2\/comments?post=38"}],"version-history":[{"count":0,"href":"https:\/\/www.rms.li\/de\/wp-json\/wp\/v2\/pages\/38\/revisions"}],"wp:attachment":[{"href":"https:\/\/www.rms.li\/de\/wp-json\/wp\/v2\/media?parent=38"}],"curies":[{"name":"wp","href":"https:\/\/api.w.org\/{rel}","templated":true}]}}