{"id":37,"date":"2019-04-02T15:22:58","date_gmt":"2019-04-02T13:22:58","guid":{"rendered":"https:\/\/www.rms.li\/impressum\/"},"modified":"2019-07-25T08:26:43","modified_gmt":"2019-07-25T06:26:43","slug":"impressum","status":"publish","type":"page","link":"https:\/\/www.rms.li\/de\/impressum\/","title":{"rendered":"Impressum"},"content":{"rendered":"\n<p><strong>F\u00fcr den Inhalt verantwortlich: Horst Marxer<\/strong><\/p>\n\n\n\n<p><strong>RMS Sicherheits-Anstalt<\/strong><br>Im alten Riet 137<br>9494 Schaan<br>Liechtenstein<\/p>\n\n\n\n<p>Telefon +423 264 40 00<br>Fax +423 264 40 01<br><a href=\"mailto:sicherheit@rms.li\">sicherheit@rms.li<\/a><\/p>\n\n\n\n<p>MwSt-Nr.: 56749<br>Firmennummer: FL-0002.242.368-7<br>\u00d6ffentlichkeitsregister des F\u00fcrstentums Liechtenstein<br>Gerichtsstand: Vaduz<\/p>\n\n\n\n<p><strong>Vertretungsberechtigte Personen<\/strong><br>Marxer Horst, Marxer Robina, Marxer Martin<\/p>\n\n\n\n<p><strong>Haftung f\u00fcr Inhalte<\/strong><br>Die Inhalte dieser Seiten werden mit gr\u00f6sster Sorgfalt erstellt. F\u00fcr Richtigkeit, Vollst\u00e4ndigkeit und Aktualit\u00e4t dieser Inhalte kann jedoch keine Haftung \u00fcbernommen werden.<\/p>\n\n\n\n<p><strong>Bildnachweis &amp; Copyright<\/strong><br>Verwendete Bilder und Copyright: RMS Sicherheits-Anstalt<\/p>\n\n\n\n<h2>Internetl\u00f6sung<\/h2>\n\n\n\n<div class=\"wp-block-image\"><figure class=\"alignright is-resized\"><a href=\"https:\/\/www.creativemedia.li\/\" target=\"_blank\" rel=\"noreferrer noopener\"><img decoding=\"async\" src=\"https:\/\/www.rms.li\/wp-content\/uploads\/2019\/05\/creativemedia.png\" alt=\"\" class=\"wp-image-522\" width=\"227\" height=\"56\" srcset=\"https:\/\/www.rms.li\/wp-content\/uploads\/2019\/05\/creativemedia.png 454w, https:\/\/www.rms.li\/wp-content\/uploads\/2019\/05\/creativemedia-300x74.png 300w\" sizes=\"(max-width: 227px) 100vw, 227px\" \/><\/a><\/figure><\/div>\n\n\n\n<p>creative<strong>media<\/strong> AG<br>Im alten Riet 153<br>9494 Schaan<br>Liechtenstein<br><a rel=\"noreferrer noopener\" aria-label=\"www.creativemedia.li (\u00f6ffnet in neuem Tab)\" href=\"https:\/\/www.creativemedia.li\/\" target=\"_blank\">www.creativemedia.li<\/a><\/p>\n","protected":false},"excerpt":{"rendered":"<p>F\u00fcr den Inhalt verantwortlich: Horst Marxer RMS Sicherheits-AnstaltIm alten Riet 1379494 SchaanLiechtenstein Telefon +423 264 40 00Fax +423 264 40 [&hellip;]<\/p>\n <a href=\"https:\/\/www.rms.li\/de\/impressum\/\" class=\"more-link-real\" title=\"weiterlesen\">Weiterlesen<\/a>","protected":false},"author":1,"featured_media":0,"parent":0,"menu_order":5,"comment_status":"closed","ping_status":"closed","template":"","meta":{"_seopress_robots_primary_cat":"","_seopress_titles_title":"","_seopress_titles_desc":"","_seopress_robots_index":"yes","_seopress_analysis_target_kw":"","site-sidebar-layout":"default","site-content-layout":"content-boxed-container","ast-site-content-layout":"default","site-content-style":"default","site-sidebar-style":"default","ast-global-header-display":"","ast-banner-title-visibility":"","ast-main-header-display":"","ast-hfb-above-header-display":"","ast-hfb-below-header-display":"","ast-hfb-mobile-header-display":"","site-post-title":"","ast-breadcrumbs-content":"","ast-featured-img":"","footer-sml-layout":"","ast-disable-related-posts":"","theme-transparent-header-meta":"default","adv-header-id-meta":"","stick-header-meta":"default","header-above-stick-meta":"","header-main-stick-meta":"","header-below-stick-meta":"","astra-migrate-meta-layouts":"default","ast-page-background-enabled":"default","ast-page-background-meta":{"desktop":{"background-color":"","background-image":"","background-repeat":"repeat","background-position":"center center","background-size":"auto","background-attachment":"scroll","background-type":"","background-media":"","overlay-type":"","overlay-color":"","overlay-opacity":"","overlay-gradient":""},"tablet":{"background-color":"","background-image":"","background-repeat":"repeat","background-position":"center center","background-size":"auto","background-attachment":"scroll","background-type":"","background-media":"","overlay-type":"","overlay-color":"","overlay-opacity":"","overlay-gradient":""},"mobile":{"background-color":"","background-image":"","background-repeat":"repeat","background-position":"center center","background-size":"auto","background-attachment":"scroll","background-type":"","background-media":"","overlay-type":"","overlay-color":"","overlay-opacity":"","overlay-gradient":""}},"ast-content-background-meta":{"desktop":{"background-color":"var(--ast-global-color-5)","background-image":"","background-repeat":"repeat","background-position":"center center","background-size":"auto","background-attachment":"scroll","background-type":"","background-media":"","overlay-type":"","overlay-color":"","overlay-opacity":"","overlay-gradient":""},"tablet":{"background-color":"var(--ast-global-color-5)","background-image":"","background-repeat":"repeat","background-position":"center center","background-size":"auto","background-attachment":"scroll","background-type":"","background-media":"","overlay-type":"","overlay-color":"","overlay-opacity":"","overlay-gradient":""},"mobile":{"background-color":"var(--ast-global-color-5)","background-image":"","background-repeat":"repeat","background-position":"center center","background-size":"auto","background-attachment":"scroll","background-type":"","background-media":"","overlay-type":"","overlay-color":"","overlay-opacity":"","overlay-gradient":""}},"footnotes":""},"class_list":["post-37","page","type-page","status-publish","hentry"],"_links":{"self":[{"href":"https:\/\/www.rms.li\/de\/wp-json\/wp\/v2\/pages\/37","targetHints":{"allow":["GET"]}}],"collection":[{"href":"https:\/\/www.rms.li\/de\/wp-json\/wp\/v2\/pages"}],"about":[{"href":"https:\/\/www.rms.li\/de\/wp-json\/wp\/v2\/types\/page"}],"author":[{"embeddable":true,"href":"https:\/\/www.rms.li\/de\/wp-json\/wp\/v2\/users\/1"}],"replies":[{"embeddable":true,"href":"https:\/\/www.rms.li\/de\/wp-json\/wp\/v2\/comments?post=37"}],"version-history":[{"count":0,"href":"https:\/\/www.rms.li\/de\/wp-json\/wp\/v2\/pages\/37\/revisions"}],"wp:attachment":[{"href":"https:\/\/www.rms.li\/de\/wp-json\/wp\/v2\/media?parent=37"}],"curies":[{"name":"wp","href":"https:\/\/api.w.org\/{rel}","templated":true}]}}